{"id":9,"date":"2018-06-01T09:03:03","date_gmt":"2018-06-01T07:03:03","guid":{"rendered":"http:\/\/web02.sksroot.de\/websites\/hausarzt-gpo.de\/?page_id=9"},"modified":"2026-04-01T07:34:08","modified_gmt":"2026-04-01T05:34:08","slug":"praxis","status":"publish","type":"page","link":"https:\/\/www.hausarzt-hpo.de\/","title":{"rendered":"Hausarztpraxis Ommersheim"},"content":{"rendered":"<div id=\"pl-9\"  class=\"panel-layout\" ><div id=\"pg-9-0\"  class=\"panel-grid panel-no-style\" ><div id=\"pgc-9-0-0\"  class=\"panel-grid-cell\" ><div id=\"panel-9-0-0-0\" class=\"so-panel widget widget_sow-editor panel-first-child\" data-index=\"0\" ><div\n\t\t\t\n\t\t\tclass=\"so-widget-sow-editor so-widget-sow-editor-base\"\n\t\t\t\n\t\t>\n<div class=\"siteorigin-widget-tinymce textwidget\">\n\t<h3>Unsere speziellen Leistungen<\/h3>\n<ul>\n<li>Akupunktur<\/li>\n<li>\n<div id=\"tobit_plaintext\">Belastungs- EKG<\/div>\n<\/li>\n<li>\n<div id=\"tobit_plaintext\">Langzeitblutdruckmessung<\/div>\n<\/li>\n<li>\n<div id=\"tobit_plaintext\">Gef\u00e4\u00dfuntersuchungen<\/div>\n<\/li>\n<li>\n<div id=\"tobit_plaintext\">Ultraschalluntersuchungen<\/div>\n<\/li>\n<li>\n<div id=\"tobit_plaintext\">Lungenfunktionspr\u00fcfungen<\/div>\n<\/li>\n<li>\n<div id=\"tobit_plaintext\">OP Vorbereitungen<\/div>\n<\/li>\n<li>\n<div id=\"tobit_plaintext\">DMP-Programme (Diabetes, koronare Herzkrankheit, Asthma, chronische Bronchitis,COPD)<\/div>\n<\/li>\n<li>\n<div id=\"tobit_plaintext\">Aortenscreening (bei M\u00e4nnern ab 65)<\/div>\n<\/li>\n<li>\n<div id=\"tobit_plaintext\">Hautkrebsscreening<\/div>\n<\/li>\n<\/ul>\n<\/div>\n<\/div><\/div><div id=\"panel-9-0-0-1\" class=\"so-panel widget widget_sow-editor\" data-index=\"1\" ><div\n\t\t\t\n\t\t\tclass=\"so-widget-sow-editor so-widget-sow-editor-base\"\n\t\t\t\n\t\t>\n<div class=\"siteorigin-widget-tinymce textwidget\">\n\t<h3>Sprechstundenzeiten<\/h3>\n<p><strong>Montag \/ Dienstag\/ Donnerstag<\/strong><\/p>\n<p>08:00 - 18:00 Uhr<\/p>\n<p><strong>Mittwoch \/ Freitag<\/strong>\u00a0 08:00 - 13:00 Uhr<\/p>\n<p><strong>Labor <\/strong><em><strong>: <\/strong><\/em><strong>Montag- Freitag<\/strong>\u00a0\u00a0 07.00 - 12.00 Uhr<\/p>\n<\/div>\n<\/div><\/div><div id=\"panel-9-0-0-2\" class=\"so-panel widget widget_sow-editor panel-last-child\" data-index=\"2\" ><div class=\"panel-widget-style panel-widget-style-for-9-0-0-2\" ><div\n\t\t\t\n\t\t\tclass=\"so-widget-sow-editor so-widget-sow-editor-base\"\n\t\t\t\n\t\t>\n<div class=\"siteorigin-widget-tinymce textwidget\">\n\t<p><strong>Unsere Praxis ist Mittwoch u. Freitag nachmittags ab 13.00 Uhr geschlossen.<\/strong><\/p>\n<\/div>\n<\/div><\/div><\/div><\/div><div id=\"pgc-9-0-1\"  class=\"panel-grid-cell\" ><div id=\"panel-9-0-1-0\" class=\"so-panel widget widget_text panel-first-child\" data-index=\"3\" >\t\t\t<div class=\"textwidget\"><div id=\"pgc-9-1-0\" class=\"panel-grid-cell panel-grid-cell-mobile-last\" data-weight=\"0.5\">\n<div id=\"panel-9-1-0-0\" class=\"so-panel widget widget_sow-editor panel-first-child panel-last-child\" data-index=\"0\">\n<div class=\"so-widget-sow-editor so-widget-sow-editor-base\">\n<div class=\"siteorigin-widget-tinymce textwidget\">\n<h3>Kontakt<\/h3>\n<p>Hausarztpraxis Ommersheim<br \/>\nSaarbr\u00fccker Strasse 25b<br \/>\n66399 Mandelbachtal-Ommersheim<\/p>\n<p>Tel.: 06803-1623<br \/>\nFax: 06803-1625<\/p>\n<\/div>\n<\/div>\n<div class=\"so-widget-sow-editor so-widget-sow-editor-base\">\n<div class=\"siteorigin-widget-tinymce textwidget\">\n<p>Email: <a href=\"mailto:hpo@hausarzt-hpo.de\">hpo@hausarzt-hpo.de<\/a><\/p>\n<p>&nbsp;<\/p>\n<\/div>\n<\/div>\n<\/div>\n<\/div>\n<\/div>\n\t\t<\/div><div id=\"panel-9-0-1-1\" class=\"so-panel widget widget_text\" data-index=\"4\" ><div class=\"panel-widget-style panel-widget-style-for-9-0-1-1\" >\t\t\t<div class=\"textwidget\"><div id=\"pgc-9-1-0\" class=\"panel-grid-cell panel-grid-cell-mobile-last\" data-weight=\"0.5\">\n<div id=\"panel-9-1-0-0\" class=\"so-panel widget widget_sow-editor panel-first-child panel-last-child\" data-index=\"0\">\n<div class=\"so-widget-sow-editor so-widget-sow-editor-base\">\n<div class=\"siteorigin-widget-tinymce textwidget\"><\/div>\n<\/div>\n<div class=\"so-widget-sow-editor so-widget-sow-editor-base\">\n<div class=\"siteorigin-widget-tinymce textwidget\">\n<p>Liebe Patienten,<\/p>\n<p>Aufgrund der <strong>Osterfeiertage<\/strong> sind wir Personal technisch nur <strong>Minimal besetzt <\/strong><\/p>\n<p>und bitten daher NUR in <strong>dringenden<\/strong> F\u00e4llen in die <strong>Praxis<\/strong> und zu <strong>Laborentnahmen<\/strong> zu kommen.<\/p>\n<\/div>\n<\/div>\n<\/div>\n<\/div>\n<\/div>\n\t\t<\/div><\/div><div id=\"panel-9-0-1-2\" class=\"so-panel widget widget_text\" data-index=\"5\" ><div class=\"panel-widget-style panel-widget-style-for-9-0-1-2\" >\t\t\t<div class=\"textwidget\"><div id=\"pgc-9-1-0\" class=\"panel-grid-cell panel-grid-cell-mobile-last\" data-weight=\"0.5\">\n<div id=\"panel-9-1-0-0\" class=\"so-panel widget widget_sow-editor panel-first-child panel-last-child\" data-index=\"0\">\n<div class=\"so-widget-sow-editor so-widget-sow-editor-base\">\n<div class=\"siteorigin-widget-tinymce textwidget\">\n<p><strong>Rezeptbestellungen\/ Befunde und Anfragen bitte an<\/strong>: <a href=\"mailto:anmeldung@hausarzt-hpo.de\">anmeldung@hausarzt-hpo.de<\/a><\/p>\n<p><em>Bitte beachten, dass Rezeptbestellungen nur bearbeitet werden k\u00f6nnen, wenn uns ein g\u00fcltiger Versicherungsnachweis f\u00fcr das jeweilige Quartal vorliegt.<\/em><\/p>\n<\/div>\n<\/div>\n<div class=\"so-widget-sow-editor so-widget-sow-editor-base\">\n<div class=\"siteorigin-widget-tinymce textwidget\">\n<p>&nbsp;<\/p>\n<\/div>\n<\/div>\n<\/div>\n<\/div>\n<\/div>\n\t\t<\/div><\/div><div id=\"panel-9-0-1-3\" class=\"so-panel widget widget_text panel-last-child\" data-index=\"6\" ><div class=\"panel-widget-style panel-widget-style-for-9-0-1-3\" >\t\t\t<div class=\"textwidget\"><p>&nbsp;<\/p>\n<p>&nbsp;<\/p>\n<\/div>\n\t\t<\/div><\/div><\/div><\/div><\/div>","protected":false},"excerpt":{"rendered":"<p>Unsere speziellen Leistungen Akupunktur Belastungs- EKG Langzeitblutdruckmessung Gef\u00e4\u00dfuntersuchungen Ultraschalluntersuchungen Lungenfunktionspr\u00fcfungen OP Vorbereitungen DMP-Programme (Diabetes, koronare Herzkrankheit, Asthma, chronische Bronchitis,COPD) Aortenscreening (bei M\u00e4nnern ab 65) Hautkrebsscreening Sprechstundenzeiten Montag \/ Dienstag\/ Donnerstag 08:00 &#8211; 18:00 Uhr Mittwoch \/ Freitag\u00a0 08:00 &#8211; 13:00 Uhr Labor : Montag- Freitag\u00a0\u00a0 07.00 &#8211; 12.00 Uhr Unsere Praxis ist Mittwoch u. Freitag [&hellip;]<\/p>\n","protected":false},"author":1,"featured_media":0,"parent":0,"menu_order":0,"comment_status":"closed","ping_status":"closed","template":"","meta":{"footnotes":""},"_links":{"self":[{"href":"https:\/\/www.hausarzt-hpo.de\/index.php\/wp-json\/wp\/v2\/pages\/9"}],"collection":[{"href":"https:\/\/www.hausarzt-hpo.de\/index.php\/wp-json\/wp\/v2\/pages"}],"about":[{"href":"https:\/\/www.hausarzt-hpo.de\/index.php\/wp-json\/wp\/v2\/types\/page"}],"author":[{"embeddable":true,"href":"https:\/\/www.hausarzt-hpo.de\/index.php\/wp-json\/wp\/v2\/users\/1"}],"replies":[{"embeddable":true,"href":"https:\/\/www.hausarzt-hpo.de\/index.php\/wp-json\/wp\/v2\/comments?post=9"}],"version-history":[{"count":44,"href":"https:\/\/www.hausarzt-hpo.de\/index.php\/wp-json\/wp\/v2\/pages\/9\/revisions"}],"predecessor-version":[{"id":203,"href":"https:\/\/www.hausarzt-hpo.de\/index.php\/wp-json\/wp\/v2\/pages\/9\/revisions\/203"}],"wp:attachment":[{"href":"https:\/\/www.hausarzt-hpo.de\/index.php\/wp-json\/wp\/v2\/media?parent=9"}],"curies":[{"name":"wp","href":"https:\/\/api.w.org\/{rel}","templated":true}]}}