{"id":5,"date":"2018-06-01T09:03:11","date_gmt":"2018-06-01T07:03:11","guid":{"rendered":"http:\/\/web02.sksroot.de\/websites\/hausarzt-gpo.de\/?page_id=5"},"modified":"2025-12-16T15:02:05","modified_gmt":"2025-12-16T14:02:05","slug":"unser-team","status":"publish","type":"page","link":"https:\/\/www.hausarzt-hpo.de\/index.php\/unser-team\/","title":{"rendered":"Das Team der Hausarztpraxis"},"content":{"rendered":"<div id=\"pl-5\"  class=\"panel-layout\" ><div id=\"pg-5-0\"  class=\"panel-grid panel-no-style\" ><div id=\"pgc-5-0-0\"  class=\"panel-grid-cell\" ><div id=\"panel-5-0-0-0\" class=\"so-panel widget widget_sow-editor panel-first-child panel-last-child\" data-index=\"0\" ><div\n\t\t\t\n\t\t\tclass=\"so-widget-sow-editor so-widget-sow-editor-base\"\n\t\t\t\n\t\t>\n<div class=\"siteorigin-widget-tinymce textwidget\">\n\t<h2>Fach\u00e4rztinnen<\/h2>\n<p><strong>Dr. med. Sibylle Z\u00e4nger<br \/>\n<\/strong>Allgemeinmedizin \/ Palliativmedizin \/ Akupunktur<\/p>\n<p><strong>Christiane Tolksdorff-Niedbala<br \/>\n<\/strong>Allgemeinmedizin (angestellte \u00c4rztin)<\/p>\n<p><strong>Anemone Thullen<br \/>\n<\/strong>Allgemeinmedizin (angestellte \u00c4rztin)<\/p>\n<p><strong>Sandra Arend<br \/>\n<\/strong>Allgemeinmedizin (angestellte \u00c4rztin)<\/p>\n<p><strong>Dr. Hannah Pfister<\/strong><br \/>\nAllgemeinmedizin (angestellte \u00c4rztin)<\/p>\n<p><strong>Dr. Layla Hemmerling<\/strong><br \/>\nAllgemeinmedizin (angestellte \u00c4rztin)<\/p>\n<\/div>\n<\/div><\/div><\/div><div id=\"pgc-5-0-1\"  class=\"panel-grid-cell\" ><div id=\"panel-5-0-1-0\" class=\"so-panel widget widget_sow-editor panel-first-child panel-last-child\" data-index=\"1\" ><div\n\t\t\t\n\t\t\tclass=\"so-widget-sow-editor so-widget-sow-editor-base\"\n\t\t\t\n\t\t>\n<div class=\"siteorigin-widget-tinymce textwidget\">\n\t<h2>Das Praxisteam<\/h2>\n<p><strong>Andrea Schwarz<\/strong>, med. Fachangestellte<\/p>\n<p><strong>Manuela Leroux<\/strong>, med. Fachangestellte<\/p>\n<p><strong>Astrid Bennoit<\/strong>, med. Fachangestellte \/ Sekret\u00e4rin<\/p>\n<p><strong>Christine Motsch<\/strong>, med. Fachangestellte<\/p>\n<p><strong>Monika Hartz<\/strong>, med. Fachangestellte<\/p>\n<p><strong>Petra Hartz<\/strong>, med. Fachangestellte<\/p>\n<p><strong>Natalia Kelm<\/strong>, med. Fachangestellte<\/p>\n<p><strong>Alexandria Schwan<\/strong>, med. Fachangestellte<\/p>\n<p><strong>Antje Hanss<\/strong>, med. Fachangestellte<\/p>\n<p><strong>Lara-Marie Degro<\/strong>, med. Fachangestellte \/ Verah \/ N\u00e4pa<\/p>\n<p><strong>Lisa Stolz, <\/strong>Auszubildende zur med. Fachangestellten<\/p>\n<\/div>\n<\/div><\/div><\/div><\/div><\/div>","protected":false},"excerpt":{"rendered":"<p>Fach\u00e4rztinnen Dr. med. Sibylle Z\u00e4nger Allgemeinmedizin \/ Palliativmedizin \/ Akupunktur Christiane Tolksdorff-Niedbala Allgemeinmedizin (angestellte \u00c4rztin) Anemone Thullen Allgemeinmedizin (angestellte \u00c4rztin) Sandra Arend Allgemeinmedizin (angestellte \u00c4rztin) Dr. Hannah Pfister Allgemeinmedizin (angestellte \u00c4rztin) Dr. Layla Hemmerling Allgemeinmedizin (angestellte \u00c4rztin) Das Praxisteam Andrea Schwarz, med. Fachangestellte Manuela Leroux, med. Fachangestellte Astrid Bennoit, med. Fachangestellte \/ Sekret\u00e4rin Christine Motsch, [&hellip;]<\/p>\n","protected":false},"author":1,"featured_media":0,"parent":0,"menu_order":0,"comment_status":"closed","ping_status":"closed","template":"","meta":{"footnotes":""},"_links":{"self":[{"href":"https:\/\/www.hausarzt-hpo.de\/index.php\/wp-json\/wp\/v2\/pages\/5"}],"collection":[{"href":"https:\/\/www.hausarzt-hpo.de\/index.php\/wp-json\/wp\/v2\/pages"}],"about":[{"href":"https:\/\/www.hausarzt-hpo.de\/index.php\/wp-json\/wp\/v2\/types\/page"}],"author":[{"embeddable":true,"href":"https:\/\/www.hausarzt-hpo.de\/index.php\/wp-json\/wp\/v2\/users\/1"}],"replies":[{"embeddable":true,"href":"https:\/\/www.hausarzt-hpo.de\/index.php\/wp-json\/wp\/v2\/comments?post=5"}],"version-history":[{"count":35,"href":"https:\/\/www.hausarzt-hpo.de\/index.php\/wp-json\/wp\/v2\/pages\/5\/revisions"}],"predecessor-version":[{"id":199,"href":"https:\/\/www.hausarzt-hpo.de\/index.php\/wp-json\/wp\/v2\/pages\/5\/revisions\/199"}],"wp:attachment":[{"href":"https:\/\/www.hausarzt-hpo.de\/index.php\/wp-json\/wp\/v2\/media?parent=5"}],"curies":[{"name":"wp","href":"https:\/\/api.w.org\/{rel}","templated":true}]}}